{"id":1377,"date":"2026-05-07T09:22:01","date_gmt":"2026-05-07T09:22:01","guid":{"rendered":"https:\/\/rovnovahy.cz\/?page_id=1377"},"modified":"2026-05-07T09:22:01","modified_gmt":"2026-05-07T09:22:01","slug":"eticky-kodex","status":"publish","type":"page","link":"https:\/\/rovnovahy.cz\/?page_id=1377","title":{"rendered":"Etick\u00fd kodex"},"content":{"rendered":"\n<div class=\"wp-block-file\"><a id=\"wp-block-file--media-7eae8f64-1722-4699-94fa-2e93cb8994fb\" href=\"https:\/\/rovnovahy.cz\/wp-content\/uploads\/2026\/05\/Eticky-kodex-pracovniku-spolku-Rovnovahy-z.s.docx\">Etick\u00fd kodex pracovn\u00edk\u016f spolku Rovnov\u00e1hy z.s.<\/a><a href=\"https:\/\/rovnovahy.cz\/wp-content\/uploads\/2026\/05\/Eticky-kodex-pracovniku-spolku-Rovnovahy-z.s.docx\" class=\"wp-block-file__button wp-element-button\" download aria-describedby=\"wp-block-file--media-7eae8f64-1722-4699-94fa-2e93cb8994fb\">St\u00e1hnout<\/a><\/div>\n\n\n\n<p><\/p>\n","protected":false},"excerpt":{"rendered":"","protected":false},"author":1,"featured_media":0,"parent":0,"menu_order":0,"comment_status":"closed","ping_status":"closed","template":"","meta":{"_themeisle_gutenberg_block_has_review":false,"footnotes":""},"class_list":["post-1377","page","type-page","status-publish","hentry"],"_links":{"self":[{"href":"https:\/\/rovnovahy.cz\/index.php?rest_route=\/wp\/v2\/pages\/1377","targetHints":{"allow":["GET"]}}],"collection":[{"href":"https:\/\/rovnovahy.cz\/index.php?rest_route=\/wp\/v2\/pages"}],"about":[{"href":"https:\/\/rovnovahy.cz\/index.php?rest_route=\/wp\/v2\/types\/page"}],"author":[{"embeddable":true,"href":"https:\/\/rovnovahy.cz\/index.php?rest_route=\/wp\/v2\/users\/1"}],"replies":[{"embeddable":true,"href":"https:\/\/rovnovahy.cz\/index.php?rest_route=%2Fwp%2Fv2%2Fcomments&post=1377"}],"version-history":[{"count":1,"href":"https:\/\/rovnovahy.cz\/index.php?rest_route=\/wp\/v2\/pages\/1377\/revisions"}],"predecessor-version":[{"id":1380,"href":"https:\/\/rovnovahy.cz\/index.php?rest_route=\/wp\/v2\/pages\/1377\/revisions\/1380"}],"wp:attachment":[{"href":"https:\/\/rovnovahy.cz\/index.php?rest_route=%2Fwp%2Fv2%2Fmedia&parent=1377"}],"curies":[{"name":"wp","href":"https:\/\/api.w.org\/{rel}","templated":true}]}}