{"id":1306,"date":"2026-04-28T09:16:49","date_gmt":"2026-04-28T09:16:49","guid":{"rendered":"https:\/\/rovnovahy.cz\/?page_id=1306"},"modified":"2026-05-01T06:34:41","modified_gmt":"2026-05-01T06:34:41","slug":"skolni-programy","status":"publish","type":"page","link":"https:\/\/rovnovahy.cz\/?page_id=1306","title":{"rendered":"\u0160koln\u00ed programy"},"content":{"rendered":"\n<section id=\"wp-block-themeisle-blocks-advanced-columns-d45120e2\" class=\"wp-block-themeisle-blocks-advanced-columns alignfull has-2-columns has-desktop-equal-layout has-tablet-equal-layout has-mobile-collapsedRows-layout has-vertical-center\"><div class=\"wp-block-themeisle-blocks-advanced-columns-overlay\"><\/div><div class=\"innerblocks-wrap\">\n<div id=\"wp-block-themeisle-blocks-advanced-column-6534cfc2\" class=\"wp-block-themeisle-blocks-advanced-column\">\n<div id=\"wp-block-themeisle-blocks-advanced-heading-672dc26b\" class=\"wp-block-themeisle-blocks-advanced-heading wp-block-themeisle-blocks-advanced-heading-672dc26b\"><\/div>\n\n\n\n<h2 class=\"wp-block-heading has-text-align-left has-text-color has-link-color wp-elements-6ec2ee42aae8a24295d697782b128b53\" style=\"color:#080808\"><strong>Co d\u011bl\u00e1me<\/strong><\/h2>\n\n\n\n<p>Vytv\u00e1\u0159\u00edme bezpe\u010dn\u00fd prostor, kde mohou u\u010ditel\u00e9 otev\u0159en\u011b mluvit o n\u00e1ro\u010dn\u00fdch situac\u00edch a hledat funk\u010dn\u00ed \u0159e\u0161en\u00ed, kter\u00e1 odpov\u00eddaj\u00ed realit\u011b \u0161koly.<\/p>\n\n\n\n<h4 class=\"wp-block-heading\"><strong>Co pou\u017e\u00edv\u00e1me (p\u0159\u00edklady aktivit)<\/strong><\/h4>\n\n\n\n<ul class=\"wp-block-list\">\n<li>anonymn\u00ed kazuistiky z praxe \u0161koly<\/li>\n\n\n\n<li>spole\u010dn\u00e1 anal\u00fdza situac\u00ed z v\u00edce \u00fahl\u016f<\/li>\n\n\n\n<li>facilitovan\u00e9 hled\u00e1n\u00ed realistick\u00fdch krok\u016f<\/li>\n\n\n\n<li>pr\u00e1ce s emocemi a nap\u011bt\u00edm v bezpe\u010dn\u00e9m prost\u0159ed\u00ed<\/li>\n\n\n\n<li>modelov\u00e9 situace a n\u00e1cvik komunikace<\/li>\n<\/ul>\n\n\n\n<h4 class=\"wp-block-heading\"><strong>V\u00fdstupy<\/strong><\/h4>\n\n\n\n<ul class=\"wp-block-list\">\n<li>pojmenovan\u00e9 zdroje probl\u00e9m\u016f<\/li>\n\n\n\n<li>konkr\u00e9tn\u00ed postupy pro \u0159e\u0161en\u00ed n\u00e1ro\u010dn\u00fdch situac\u00ed<\/li>\n\n\n\n<li>v\u011bt\u0161\u00ed jistota u\u010ditel\u016f v komunikaci<\/li>\n\n\n\n<li>sjednocen\u00e9 kroky, kter\u00e9 dr\u017e\u00ed sbor pohromad\u011b<\/li>\n<\/ul>\n\n\n\n<h3 class=\"wp-block-heading\"><\/h3>\n\n\n\n<details class=\"wp-block-details is-layout-flow wp-block-details-is-layout-flow\"><summary>Co ukazuje praxe<\/summary>\n<p><strong>Kdy\u017e maj\u00ed u\u010ditel\u00e9 bezpe\u010dn\u00fd prostor pro sd\u00edlen\u00ed, kles\u00e1 po\u010det konflikt\u016f ve t\u0159\u00edd\u011b i s rodi\u010di<\/strong> <em>(Zdroj: CASEL)<\/em><\/p>\n\n\n\n<p><strong>70 % u\u010ditel\u016f \u0159e\u0161\u00ed n\u00e1ro\u010dn\u00e9 situace osamocen\u011b<\/strong>, co\u017e zvy\u0161uje stres a vy\u010derp\u00e1n\u00ed <em>(Zdroj: EDUin, 2023)<\/em><\/p>\n\n\n\n<p><strong>Spole\u010dn\u00e1 reflexe zvy\u0161uje efektivitu \u0159e\u0161en\u00ed probl\u00e9m\u016f o 30 %<\/strong> <em>(Zdroj: OECD Teaching and Learning International Survey)<\/em><\/p>\n<\/details>\n\n\n\n<p class=\"has-text-color has-link-color wp-elements-1451ba88a38d33f1ed69aa0850ce87e1\" style=\"color:#080808\"><\/p>\n<\/div>\n\n\n\n<div id=\"wp-block-themeisle-blocks-advanced-column-b2ed0039\" class=\"wp-block-themeisle-blocks-advanced-column\">\n<figure data-wp-context=\"{&quot;imageId&quot;:&quot;69f4a52a8885b&quot;}\" data-wp-interactive=\"core\/image\" data-wp-key=\"69f4a52a8885b\" class=\"wp-block-image size-large wp-lightbox-container\"><img fetchpriority=\"high\" decoding=\"async\" width=\"724\" height=\"1024\" data-wp-class--hide=\"state.isContentHidden\" data-wp-class--show=\"state.isContentVisible\" data-wp-init=\"callbacks.setButtonStyles\" data-wp-on--click=\"actions.showLightbox\" data-wp-on--load=\"callbacks.setButtonStyles\" data-wp-on-window--resize=\"callbacks.setButtonStyles\" src=\"https:\/\/rovnovahy.cz\/wp-content\/uploads\/2026\/04\/1-3-724x1024.jpg\" alt=\"\" class=\"wp-image-1280\" srcset=\"https:\/\/rovnovahy.cz\/wp-content\/uploads\/2026\/04\/1-3-724x1024.jpg 724w, https:\/\/rovnovahy.cz\/wp-content\/uploads\/2026\/04\/1-3-212x300.jpg 212w, https:\/\/rovnovahy.cz\/wp-content\/uploads\/2026\/04\/1-3-768x1086.jpg 768w, https:\/\/rovnovahy.cz\/wp-content\/uploads\/2026\/04\/1-3-1086x1536.jpg 1086w, https:\/\/rovnovahy.cz\/wp-content\/uploads\/2026\/04\/1-3.jpg 1414w\" sizes=\"(max-width: 724px) 100vw, 724px\" \/><button\n\t\t\tclass=\"lightbox-trigger\"\n\t\t\ttype=\"button\"\n\t\t\taria-haspopup=\"dialog\"\n\t\t\taria-label=\"Zv\u011bt\u0161it\"\n\t\t\tdata-wp-init=\"callbacks.initTriggerButton\"\n\t\t\tdata-wp-on--click=\"actions.showLightbox\"\n\t\t\tdata-wp-style--right=\"state.imageButtonRight\"\n\t\t\tdata-wp-style--top=\"state.imageButtonTop\"\n\t\t>\n\t\t\t<svg xmlns=\"http:\/\/www.w3.org\/2000\/svg\" width=\"12\" height=\"12\" fill=\"none\" viewBox=\"0 0 12 12\">\n\t\t\t\t<path fill=\"#fff\" d=\"M2 0a2 2 0 0 0-2 2v2h1.5V2a.5.5 0 0 1 .5-.5h2V0H2Zm2 10.5H2a.5.5 0 0 1-.5-.5V8H0v2a2 2 0 0 0 2 2h2v-1.5ZM8 12v-1.5h2a.5.5 0 0 0 .5-.5V8H12v2a2 2 0 0 1-2 2H8Zm2-12a2 2 0 0 1 2 2v2h-1.5V2a.5.5 0 0 0-.5-.5H8V0h2Z\" \/>\n\t\t\t<\/svg>\n\t\t<\/button><\/figure>\n<\/div>\n<\/div><\/section>\n\n\n\n<section id=\"wp-block-themeisle-blocks-advanced-columns-c5908329\" class=\"wp-block-themeisle-blocks-advanced-columns alignfull has-2-columns has-desktop-equal-layout has-tablet-equal-layout has-mobile-collapsedRows-layout has-vertical-center\"><div class=\"wp-block-themeisle-blocks-advanced-columns-overlay\"><\/div><div class=\"innerblocks-wrap\">\n<div id=\"wp-block-themeisle-blocks-advanced-column-01371a32\" class=\"wp-block-themeisle-blocks-advanced-column\">\n<figure data-wp-context=\"{&quot;imageId&quot;:&quot;69f4a52a88b8d&quot;}\" data-wp-interactive=\"core\/image\" data-wp-key=\"69f4a52a88b8d\" class=\"wp-block-image size-large wp-lightbox-container\"><img decoding=\"async\" width=\"724\" height=\"1024\" data-wp-class--hide=\"state.isContentHidden\" data-wp-class--show=\"state.isContentVisible\" data-wp-init=\"callbacks.setButtonStyles\" data-wp-on--click=\"actions.showLightbox\" data-wp-on--load=\"callbacks.setButtonStyles\" data-wp-on-window--resize=\"callbacks.setButtonStyles\" src=\"https:\/\/rovnovahy.cz\/wp-content\/uploads\/2026\/04\/3-1-724x1024.png\" alt=\"\" class=\"wp-image-1284\" srcset=\"https:\/\/rovnovahy.cz\/wp-content\/uploads\/2026\/04\/3-1-724x1024.png 724w, https:\/\/rovnovahy.cz\/wp-content\/uploads\/2026\/04\/3-1-212x300.png 212w, https:\/\/rovnovahy.cz\/wp-content\/uploads\/2026\/04\/3-1-768x1086.png 768w, https:\/\/rovnovahy.cz\/wp-content\/uploads\/2026\/04\/3-1-1086x1536.png 1086w, https:\/\/rovnovahy.cz\/wp-content\/uploads\/2026\/04\/3-1.png 1414w\" sizes=\"(max-width: 724px) 100vw, 724px\" \/><button\n\t\t\tclass=\"lightbox-trigger\"\n\t\t\ttype=\"button\"\n\t\t\taria-haspopup=\"dialog\"\n\t\t\taria-label=\"Zv\u011bt\u0161it\"\n\t\t\tdata-wp-init=\"callbacks.initTriggerButton\"\n\t\t\tdata-wp-on--click=\"actions.showLightbox\"\n\t\t\tdata-wp-style--right=\"state.imageButtonRight\"\n\t\t\tdata-wp-style--top=\"state.imageButtonTop\"\n\t\t>\n\t\t\t<svg xmlns=\"http:\/\/www.w3.org\/2000\/svg\" width=\"12\" height=\"12\" fill=\"none\" viewBox=\"0 0 12 12\">\n\t\t\t\t<path fill=\"#fff\" d=\"M2 0a2 2 0 0 0-2 2v2h1.5V2a.5.5 0 0 1 .5-.5h2V0H2Zm2 10.5H2a.5.5 0 0 1-.5-.5V8H0v2a2 2 0 0 0 2 2h2v-1.5ZM8 12v-1.5h2a.5.5 0 0 0 .5-.5V8H12v2a2 2 0 0 1-2 2H8Zm2-12a2 2 0 0 1 2 2v2h-1.5V2a.5.5 0 0 0-.5-.5H8V0h2Z\" \/>\n\t\t\t<\/svg>\n\t\t<\/button><\/figure>\n<\/div>\n\n\n\n<div id=\"wp-block-themeisle-blocks-advanced-column-6a2d0410\" class=\"wp-block-themeisle-blocks-advanced-column\">\n<p><\/p>\n\n\n\n<p class=\"has-text-align-left has-text-color has-link-color wp-elements-8a4fa32c622ff507d26ed0306c8cec6f\" style=\"color:#080808\"><strong>Co d\u011bl\u00e1me<\/strong><\/p>\n\n\n\n<p>Sb\u00edr\u00e1me a sd\u00edl\u00edme postupy, kter\u00e9 ve \u0161kole opravdu funguj\u00ed. U\u010ditel\u00e9 se inspiruj\u00ed navz\u00e1jem a tvo\u0159\u00ed spole\u010dnou \u201e\u017eivou knihovnu\u201c technik.<\/p>\n\n\n\n<h3 class=\"wp-block-heading\"><strong>Co pou\u017e\u00edv\u00e1me (p\u0159\u00edklady aktivit)<\/strong><\/h3>\n\n\n\n<ul class=\"wp-block-list\">\n<li>sd\u00edlen\u00ed osv\u011bd\u010den\u00fdch postup\u016f mezi u\u010diteli<\/li>\n\n\n\n<li>tvorba spole\u010dn\u00e9 datab\u00e1ze technik<\/li>\n\n\n\n<li>mini\u2011workshopy veden\u00e9 samotn\u00fdmi pedagogy<\/li>\n\n\n\n<li>lad\u011bn\u00ed styl\u016f pr\u00e1ce, aby spolupr\u00e1ce \u0161et\u0159ila energii<\/li>\n\n\n\n<li>reflexe toho, co funguje a pro\u010d<\/li>\n<\/ul>\n\n\n\n<h3 class=\"wp-block-heading\"><strong>V\u00fdstupy<\/strong><\/h3>\n\n\n\n<ul class=\"wp-block-list\">\n<li>spole\u010dn\u00e1 knihovna funk\u010dn\u00edch postup\u016f<\/li>\n\n\n\n<li>sjednocen\u00e9 metody pr\u00e1ce nap\u0159\u00ed\u010d \u0161kolou<\/li>\n\n\n\n<li>pos\u00edlen\u00e1 spolupr\u00e1ce a d\u016fv\u011bra ve sborovn\u011b<\/li>\n\n\n\n<li>v\u011bt\u0161\u00ed efektivita a m\u00e9n\u011b \u201evynal\u00e9z\u00e1n\u00ed <\/li>\n<\/ul>\n\n\n\n<details class=\"wp-block-details is-layout-flow wp-block-details-is-layout-flow\"><summary>Co \u0159\u00edk\u00e1 praxe<\/summary>\n<ul class=\"wp-block-list\">\n<li><strong>\u0160koly, kter\u00e9 systematicky sd\u00edlej\u00ed know\u2011how, maj\u00ed stabiln\u011bj\u0161\u00ed atmosf\u00e9ru a ni\u017e\u0161\u00ed fluktuaci<\/strong> <em>(Zdroj: University of Cambridge School Improvement Study)<\/em><\/li>\n\n\n\n<li><strong>U\u010ditel\u00e9 nejv\u00edc oce\u0148uj\u00ed inspiraci od koleg\u016f \u2014 a\u017e 80 % uv\u00e1d\u00ed, \u017ee je to nejefektivn\u011bj\u0161\u00ed forma rozvoje<\/strong> <em>(Zdroj: TALIS, OECD)<\/em><\/li>\n\n\n\n<li><strong>Sd\u00edlen\u00ed dobr\u00e9 praxe zvy\u0161uje kvalitu v\u00fduky o 20\u201325 %<\/strong> <em>(Zdroj: Education Endowment Foundation)<\/em><\/li>\n<\/ul>\n<\/details>\n\n\n\n<p class=\"has-text-color has-link-color wp-elements-1451ba88a38d33f1ed69aa0850ce87e1\" style=\"color:#080808\"><\/p>\n<\/div>\n<\/div><\/section>\n\n\n\n<section id=\"wp-block-themeisle-blocks-advanced-columns-6c2c15f1\" class=\"wp-block-themeisle-blocks-advanced-columns alignfull has-2-columns has-desktop-equal-layout has-tablet-equal-layout has-mobile-collapsedRows-layout has-vertical-center\"><div class=\"wp-block-themeisle-blocks-advanced-columns-overlay\"><\/div><div class=\"innerblocks-wrap\">\n<div id=\"wp-block-themeisle-blocks-advanced-column-319d55f1\" class=\"wp-block-themeisle-blocks-advanced-column\">\n<figure data-wp-context=\"{&quot;imageId&quot;:&quot;69f4a52a89185&quot;}\" data-wp-interactive=\"core\/image\" data-wp-key=\"69f4a52a89185\" class=\"wp-block-image size-large wp-lightbox-container\"><img decoding=\"async\" width=\"724\" height=\"1024\" data-wp-class--hide=\"state.isContentHidden\" data-wp-class--show=\"state.isContentVisible\" data-wp-init=\"callbacks.setButtonStyles\" data-wp-on--click=\"actions.showLightbox\" data-wp-on--load=\"callbacks.setButtonStyles\" data-wp-on-window--resize=\"callbacks.setButtonStyles\" src=\"https:\/\/rovnovahy.cz\/wp-content\/uploads\/2026\/04\/2-724x1024.png\" alt=\"\" class=\"wp-image-1311\" srcset=\"https:\/\/rovnovahy.cz\/wp-content\/uploads\/2026\/04\/2-724x1024.png 724w, https:\/\/rovnovahy.cz\/wp-content\/uploads\/2026\/04\/2-212x300.png 212w, https:\/\/rovnovahy.cz\/wp-content\/uploads\/2026\/04\/2-768x1086.png 768w, https:\/\/rovnovahy.cz\/wp-content\/uploads\/2026\/04\/2-1086x1536.png 1086w, https:\/\/rovnovahy.cz\/wp-content\/uploads\/2026\/04\/2.png 1414w\" sizes=\"(max-width: 724px) 100vw, 724px\" \/><button\n\t\t\tclass=\"lightbox-trigger\"\n\t\t\ttype=\"button\"\n\t\t\taria-haspopup=\"dialog\"\n\t\t\taria-label=\"Zv\u011bt\u0161it\"\n\t\t\tdata-wp-init=\"callbacks.initTriggerButton\"\n\t\t\tdata-wp-on--click=\"actions.showLightbox\"\n\t\t\tdata-wp-style--right=\"state.imageButtonRight\"\n\t\t\tdata-wp-style--top=\"state.imageButtonTop\"\n\t\t>\n\t\t\t<svg xmlns=\"http:\/\/www.w3.org\/2000\/svg\" width=\"12\" height=\"12\" fill=\"none\" viewBox=\"0 0 12 12\">\n\t\t\t\t<path fill=\"#fff\" d=\"M2 0a2 2 0 0 0-2 2v2h1.5V2a.5.5 0 0 1 .5-.5h2V0H2Zm2 10.5H2a.5.5 0 0 1-.5-.5V8H0v2a2 2 0 0 0 2 2h2v-1.5ZM8 12v-1.5h2a.5.5 0 0 0 .5-.5V8H12v2a2 2 0 0 1-2 2H8Zm2-12a2 2 0 0 1 2 2v2h-1.5V2a.5.5 0 0 0-.5-.5H8V0h2Z\" \/>\n\t\t\t<\/svg>\n\t\t<\/button><\/figure>\n<\/div>\n\n\n\n<div id=\"wp-block-themeisle-blocks-advanced-column-88075c7f\" class=\"wp-block-themeisle-blocks-advanced-column\">\n<div id=\"wp-block-themeisle-blocks-advanced-heading-9e75da28\" class=\"wp-block-themeisle-blocks-advanced-heading wp-block-themeisle-blocks-advanced-heading-9e75da28\"><\/div>\n\n\n\n<h2 class=\"wp-block-heading has-text-align-left has-text-color has-link-color wp-elements-97213d32f02631f873e995aa586fc44d\" style=\"color:#080808\">REFLEXN\u00cd KRUH PRO PEDAGOGY<\/h2>\n\n\n\n<h3 class=\"wp-block-heading\"><strong>Co d\u011bl\u00e1me<\/strong><\/h3>\n\n\n\n<p>Citliv\u011b otev\u00edr\u00e1me t\u00e9mata, kter\u00e1 ve sborovn\u011b z\u016fst\u00e1vaj\u00ed pod povrchem \u2014 rozd\u00edln\u00e9 p\u0159\u00edstupy, \u00fanavu, nap\u011bt\u00ed i drobn\u00e9 konflikty.<\/p>\n\n\n\n<h3 class=\"wp-block-heading\"><strong>Co pou\u017e\u00edv\u00e1me (p\u0159\u00edklady aktivit)<\/strong><\/h3>\n\n\n\n<ul class=\"wp-block-list\">\n<li>facilitovan\u00fd kruh bezpe\u010dn\u00e9ho dialogu<\/li>\n\n\n\n<li>pr\u00e1ce s nap\u011bt\u00edm a rozd\u00edln\u00fdmi styly pr\u00e1ce<\/li>\n\n\n\n<li>spole\u010dn\u00e9 hled\u00e1n\u00ed dohod a pravidel<\/li>\n\n\n\n<li>techniky pro uvoln\u011bn\u00ed atmosf\u00e9ry<\/li>\n\n\n\n<li>reflexe vztah\u016f a spolupr\u00e1ce<\/li>\n<\/ul>\n\n\n\n<h3 class=\"wp-block-heading\"><strong>V\u00fdstupy<\/strong><\/h3>\n\n\n\n<ul class=\"wp-block-list\">\n<li>uvoln\u011bn\u011bj\u0161\u00ed atmosf\u00e9ra ve sborovn\u011b<\/li>\n\n\n\n<li>m\u00e9n\u011b tich\u00fdch konflikt\u016f<\/li>\n\n\n\n<li>jasn\u011bj\u0161\u00ed dohody a o\u010dek\u00e1v\u00e1n\u00ed<\/li>\n\n\n\n<li>pos\u00edlen\u00e1 soudr\u017enost a vz\u00e1jemn\u00e1 podpora<\/li>\n<\/ul>\n\n\n\n<details class=\"wp-block-details is-layout-flow wp-block-details-is-layout-flow\"><summary>Co ukazuje praxe<\/summary>\n<p><\/p>\n\n\n\n<p><strong>Otev\u0159en\u00fd dialog zvy\u0161uje d\u016fv\u011bru a spolupr\u00e1ci mezi pedagogy<\/strong> <em>(Zdroj: Harvard Graduate School of Education)<\/em><\/p>\n\n\n\n<ul class=\"wp-block-list\">\n<li><strong>Kvalita vztah\u016f mezi u\u010diteli je jedn\u00edm z nejsiln\u011bj\u0161\u00edch faktor\u016f ovliv\u0148uj\u00edc\u00edch klima \u0161koly<\/strong> <em>(Zdroj: University of Chicago Consortium on School Research)<\/em><\/li>\n\n\n\n<li><strong>\u0160koly s pravidelnou reflex\u00ed maj\u00ed o 40 % m\u00e9n\u011b intern\u00edch konflikt\u016f<\/strong> <em>(Zdroj: CASEL)<\/em><\/li>\n<\/ul>\n<\/details>\n<\/div>\n<\/div><\/section>\n\n\n\n<section id=\"wp-block-themeisle-blocks-advanced-columns-9d4d5ac4\" class=\"wp-block-themeisle-blocks-advanced-columns alignfull has-2-columns has-desktop-equal-layout has-tablet-equal-layout has-mobile-collapsedRows-layout has-vertical-center\"><div class=\"wp-block-themeisle-blocks-advanced-columns-overlay\"><\/div><div class=\"innerblocks-wrap\">\n<div id=\"wp-block-themeisle-blocks-advanced-column-f05b3750\" class=\"wp-block-themeisle-blocks-advanced-column\">\n<figure data-wp-context=\"{&quot;imageId&quot;:&quot;69f4a52a8971f&quot;}\" data-wp-interactive=\"core\/image\" data-wp-key=\"69f4a52a8971f\" class=\"wp-block-image size-large wp-lightbox-container\"><img loading=\"lazy\" decoding=\"async\" width=\"724\" height=\"1024\" data-wp-class--hide=\"state.isContentHidden\" data-wp-class--show=\"state.isContentVisible\" data-wp-init=\"callbacks.setButtonStyles\" data-wp-on--click=\"actions.showLightbox\" data-wp-on--load=\"callbacks.setButtonStyles\" data-wp-on-window--resize=\"callbacks.setButtonStyles\" src=\"https:\/\/rovnovahy.cz\/wp-content\/uploads\/2026\/04\/4-2-724x1024.png\" alt=\"\" class=\"wp-image-1312\" srcset=\"https:\/\/rovnovahy.cz\/wp-content\/uploads\/2026\/04\/4-2-724x1024.png 724w, https:\/\/rovnovahy.cz\/wp-content\/uploads\/2026\/04\/4-2-212x300.png 212w, https:\/\/rovnovahy.cz\/wp-content\/uploads\/2026\/04\/4-2-768x1086.png 768w, https:\/\/rovnovahy.cz\/wp-content\/uploads\/2026\/04\/4-2-1086x1536.png 1086w, https:\/\/rovnovahy.cz\/wp-content\/uploads\/2026\/04\/4-2.png 1414w\" sizes=\"(max-width: 724px) 100vw, 724px\" \/><button\n\t\t\tclass=\"lightbox-trigger\"\n\t\t\ttype=\"button\"\n\t\t\taria-haspopup=\"dialog\"\n\t\t\taria-label=\"Zv\u011bt\u0161it\"\n\t\t\tdata-wp-init=\"callbacks.initTriggerButton\"\n\t\t\tdata-wp-on--click=\"actions.showLightbox\"\n\t\t\tdata-wp-style--right=\"state.imageButtonRight\"\n\t\t\tdata-wp-style--top=\"state.imageButtonTop\"\n\t\t>\n\t\t\t<svg xmlns=\"http:\/\/www.w3.org\/2000\/svg\" width=\"12\" height=\"12\" fill=\"none\" viewBox=\"0 0 12 12\">\n\t\t\t\t<path fill=\"#fff\" d=\"M2 0a2 2 0 0 0-2 2v2h1.5V2a.5.5 0 0 1 .5-.5h2V0H2Zm2 10.5H2a.5.5 0 0 1-.5-.5V8H0v2a2 2 0 0 0 2 2h2v-1.5ZM8 12v-1.5h2a.5.5 0 0 0 .5-.5V8H12v2a2 2 0 0 1-2 2H8Zm2-12a2 2 0 0 1 2 2v2h-1.5V2a.5.5 0 0 0-.5-.5H8V0h2Z\" \/>\n\t\t\t<\/svg>\n\t\t<\/button><\/figure>\n<\/div>\n\n\n\n<div id=\"wp-block-themeisle-blocks-advanced-column-775b1b92\" class=\"wp-block-themeisle-blocks-advanced-column\">\n<div id=\"wp-block-themeisle-blocks-advanced-heading-bb14b29d\" class=\"wp-block-themeisle-blocks-advanced-heading wp-block-themeisle-blocks-advanced-heading-bb14b29d\"><\/div>\n\n\n\n<h3 class=\"wp-block-heading\"><strong>Co d\u011bl\u00e1me<\/strong><\/h3>\n\n\n\n<p>Podporujeme \u0161koly v t\u00e9matech, kter\u00e1 pr\u00e1v\u011b pot\u0159ebuj\u00ed otev\u0159\u00edt \u2014 atmosf\u00e9ra, vztahy, komunikace, spolupr\u00e1ce, ka\u017edodenn\u00ed fungov\u00e1n\u00ed.<\/p>\n\n\n\n<h3 class=\"wp-block-heading\"><strong>Co pou\u017e\u00edv\u00e1me (p\u0159\u00edklady aktivit)<\/strong><\/h3>\n\n\n\n<ul class=\"wp-block-list\">\n<li>facilitace dialogu mezi u\u010diteli<\/li>\n\n\n\n<li>mapov\u00e1n\u00ed atmosf\u00e9ry a vztah\u016f<\/li>\n\n\n\n<li>pr\u00e1ce s aktu\u00e1ln\u00edmi t\u00e9maty \u0161koly<\/li>\n\n\n\n<li>hled\u00e1n\u00ed krok\u016f, kter\u00e9 pos\u00edl\u00ed pohodu a spolupr\u00e1ci<\/li>\n\n\n\n<li>podpora veden\u00ed \u0161koly v nastavov\u00e1n\u00ed prost\u0159ed\u00ed<\/li>\n<\/ul>\n\n\n\n<h3 class=\"wp-block-heading\"><strong>V\u00fdstupy<\/strong><\/h3>\n\n\n\n<ul class=\"wp-block-list\">\n<li>jasn\u011b pojmenovan\u00e9 pot\u0159eby \u0161koly<\/li>\n\n\n\n<li>konkr\u00e9tn\u00ed doporu\u010den\u00ed pro veden\u00ed i sbor<\/li>\n\n\n\n<li>kroky, kter\u00e9 zlep\u0161uj\u00ed atmosf\u00e9ru a spolupr\u00e1ci<\/li>\n\n\n\n<li>stabiln\u011bj\u0161\u00ed prost\u0159ed\u00ed pro u\u010ditele i \u017e\u00e1ky<\/li>\n<\/ul>\n\n\n\n<h3 class=\"wp-block-heading\"><strong>V\u00fdstupy<\/strong><\/h3>\n\n\n\n<ul class=\"wp-block-list\">\n<li>uvoln\u011bn\u011bj\u0161\u00ed atmosf\u00e9ra ve sborovn\u011b<\/li>\n\n\n\n<li>m\u00e9n\u011b tich\u00fdch konflikt\u016f<\/li>\n\n\n\n<li>jasn\u011bj\u0161\u00ed dohody a o\u010dek\u00e1v\u00e1n\u00ed<\/li>\n\n\n\n<li>pos\u00edlen\u00e1 soudr\u017enost a vz\u00e1jemn\u00e1 podpora<\/li>\n<\/ul>\n<\/div>\n<\/div><\/section>\n\n\n\n<section id=\"wp-block-themeisle-blocks-advanced-columns-5bf726c2\" class=\"wp-block-themeisle-blocks-advanced-columns alignfull has-1-columns has-desktop-equal-layout has-tablet-equal-layout has-mobile-collapsedRows-layout has-vertical-center has-dark-bg\"><div class=\"wp-block-themeisle-blocks-advanced-columns-overlay\"><\/div><div class=\"innerblocks-wrap\">\n<div id=\"wp-block-themeisle-blocks-advanced-column-1ecc9713\" class=\"wp-block-themeisle-blocks-advanced-column\">\n<h2 class=\"wp-block-heading has-text-align-center has-text-color\" style=\"color:#ffffff\">Chcete v\u011bd\u011bt, kter\u00fd program je nejvhodn\u011bj\u0161\u00ed pr\u00e1v\u011b pro V\u00e1s ?<\/h2>\n\n\n\n<p class=\"has-text-align-left has-text-color\" style=\"color:#ffffff\"><\/p>\n\n\n\n<div class=\"wp-block-buttons is-content-justification-center is-layout-flex wp-container-core-buttons-is-layout-a89b3969 wp-block-buttons-is-layout-flex\">\n<div class=\"wp-block-button is-style-primary\"><a class=\"wp-block-button__link has-text-color has-background has-link-color has-text-align-center wp-element-button\" href=\"https:\/\/rovnovahy.cz\/?page_id=1257\" style=\"border-radius:22px;color:#080808;background-color:#f0a733\">Kontaktujte n\u00e1s.<\/a><\/div>\n<\/div>\n<\/div>\n<\/div><\/section>\n\n\n\n<p><\/p>\n","protected":false},"excerpt":{"rendered":"","protected":false},"author":1,"featured_media":0,"parent":1224,"menu_order":0,"comment_status":"closed","ping_status":"closed","template":"","meta":{"_themeisle_gutenberg_block_has_review":false,"footnotes":""},"class_list":["post-1306","page","type-page","status-publish","hentry"],"_links":{"self":[{"href":"https:\/\/rovnovahy.cz\/index.php?rest_route=\/wp\/v2\/pages\/1306","targetHints":{"allow":["GET"]}}],"collection":[{"href":"https:\/\/rovnovahy.cz\/index.php?rest_route=\/wp\/v2\/pages"}],"about":[{"href":"https:\/\/rovnovahy.cz\/index.php?rest_route=\/wp\/v2\/types\/page"}],"author":[{"embeddable":true,"href":"https:\/\/rovnovahy.cz\/index.php?rest_route=\/wp\/v2\/users\/1"}],"replies":[{"embeddable":true,"href":"https:\/\/rovnovahy.cz\/index.php?rest_route=%2Fwp%2Fv2%2Fcomments&post=1306"}],"version-history":[{"count":1,"href":"https:\/\/rovnovahy.cz\/index.php?rest_route=\/wp\/v2\/pages\/1306\/revisions"}],"predecessor-version":[{"id":1314,"href":"https:\/\/rovnovahy.cz\/index.php?rest_route=\/wp\/v2\/pages\/1306\/revisions\/1314"}],"up":[{"embeddable":true,"href":"https:\/\/rovnovahy.cz\/index.php?rest_route=\/wp\/v2\/pages\/1224"}],"wp:attachment":[{"href":"https:\/\/rovnovahy.cz\/index.php?rest_route=%2Fwp%2Fv2%2Fmedia&parent=1306"}],"curies":[{"name":"wp","href":"https:\/\/api.w.org\/{rel}","templated":true}]}}